{"id":9289,"date":"2016-03-07T06:02:59","date_gmt":"2016-03-07T06:02:59","guid":{"rendered":"http:\/\/webnus.biz\/themes\/easyweb\/host\/?page_id=9289"},"modified":"2021-11-22T16:36:24","modified_gmt":"2021-11-22T19:36:24","slug":"hospedagem-de-sites","status":"publish","type":"page","link":"https:\/\/hobinsonhost.com.br\/?page_id=9289","title":{"rendered":"Hospedagem de Sites"},"content":{"rendered":"<p>[vc_row row_type=&#8221;2&#8243; blox_height=&#8221;343&#8243; blox_image=&#8221;6359&#8243; page_title=&#8221;page-title-x&#8221; blox_dark=&#8221;true&#8221; row_pattern=&#8221;max-pat2&#8243;][vc_column]<hr class=\"vertical-space5\"><hr class=\"vertical-space5\">[vc_column_text]<\/p>\n<h2 style=\"text-align: center;\"><strong style=\"font-weight: bold;\"><span style=\"color: #00c2e5;\">Hospedagem<\/span> de Sites<br \/>\n<\/strong><\/h2>\n<p>[\/vc_column_text][\/vc_column][\/vc_row][vc_row][vc_column]<hr class=\"vertical-space4\">\n\t<div class=\"max-title max-title4\">\n\t\t<h2>Conhe\u00e7a os nossos <strong>Planos de Hospedagem<\/strong><\/h2>\n\t<\/div>[vc_row_inner][vc_column_inner width=&#8221;1\/3&#8243;]<hr class=\"vertical-space1\"><div class=\"w-pricing-table pt-type5 featured\">\n\t\t\t\t<div class=\"pt-header\">\n\t\t\t\t\t<span>SMART<\/span>\n\t\t\t\t\t<h3 class=\"plan-title\">PLANO SMART<\/h3>\n\t\t\t\t\t<h4 class=\"plan-price\"><span>R$19,90<\/span><small>\/m\u00eas<\/small><\/h4>\n\t\t\t\t\t<h5><\/h5>\n\t\t\t\t<\/div>\n\t\t\t\t<ul class=\"pt-features\"><li class=\"feature-item\"><span class=\"feature-icon empty-icon\"><\/span>Indicado para sites em geral<\/li><li class=\"feature-item\"><span class=\"feature-icon empty-icon\"><\/span>10GB SSD NVMe<\/li><li class=\"feature-item\"><span class=\"feature-icon empty-icon\"><\/span>250GB Transfer\u00eancia<\/li><li class=\"feature-item\"><span class=\"feature-icon empty-icon\"><\/span>Hospede at\u00e9 2 sites<\/li><li class=\"feature-item\"><span class=\"feature-icon empty-icon\"><\/span>20 contas de e-mail<\/li><li class=\"feature-item\"><span class=\"feature-icon empty-icon\"><\/span>1 vCPU\/2GB mem\u00f3ria<\/li><li class=\"feature-item\"><span class=\"feature-icon empty-icon\"><\/span>PHP do 5.2 ao 8.0<\/li><li class=\"feature-item\"><span class=\"feature-icon empty-icon\"><\/span>Prote\u00e7\u00e3o avan\u00e7ada<\/li><li class=\"feature-item\"><span class=\"feature-icon empty-icon\"><\/span>Criador de Sites Gr\u00e1tis<\/li><li class=\"feature-item\"><span class=\"feature-icon empty-icon\"><\/span>Certificado SSL Gr\u00e1tis<\/li><\/ul>\n\t\t\t\t\n\t<div class=\"pt-footer\">\n\t\t\n\t\t<a href=\"https:\/\/hobinsonhost.com.br\/?page_id=5704\" class=\"magicmore\">CONTRATAR<\/a>\n\t<\/div><\/div><hr class=\"vertical-space1\">[\/vc_column_inner][vc_column_inner width=&#8221;1\/3&#8243;]<hr class=\"vertical-space1\"><div class=\"w-pricing-table pt-type5\">\n\t\t\t\t<div class=\"pt-header\">\n\t\t\t\t\t<span style=\"background: #40ba30;\">PREMIUM<\/span>\n\t\t\t\t\t<h3 class=\"plan-title\">PLANO PREMIUM<\/h3>\n\t\t\t\t\t<h4 class=\"plan-price\"><span>R$29,90<\/span><small>\/m\u00eas<\/small><\/h4>\n\t\t\t\t\t<h5><\/h5>\n\t\t\t\t<\/div>\n\t\t\t\t<ul class=\"pt-features\"><li class=\"feature-item\"><span class=\"feature-icon empty-icon\"><\/span>Indicado para sites e lojas virtuais<\/li><li class=\"feature-item\"><span class=\"feature-icon empty-icon\"><\/span>20GB SSD NVMe<\/li><li class=\"feature-item\"><span class=\"feature-icon empty-icon\"><\/span>500GB Transfer\u00eancia<\/li><li class=\"feature-item\"><span class=\"feature-icon empty-icon\"><\/span>Hospede at\u00e9 4 sites<\/li><li class=\"feature-item\"><span class=\"feature-icon empty-icon\"><\/span>40 contas de e-mail<\/li><li class=\"feature-item\"><span class=\"feature-icon empty-icon\"><\/span>2 vCPU\/2GB mem\u00f3ria<\/li><li class=\"feature-item\"><span class=\"feature-icon empty-icon\"><\/span>PHP do 5.2 ao 8.0<\/li><li class=\"feature-item\"><span class=\"feature-icon empty-icon\"><\/span>Prote\u00e7\u00e3o avan\u00e7ada<\/li><li class=\"feature-item\"><span class=\"feature-icon empty-icon\"><\/span>Criador de Sites Gr\u00e1tis<\/li><li class=\"feature-item\"><span class=\"feature-icon empty-icon\"><\/span>Certificado SSL Gr\u00e1tis<\/li><\/ul>\n\t\t\t\t\n\t<div class=\"pt-footer\">\n\t\t\n\t\t<a href=\"https:\/\/hobinsonhost.com.br\/?page_id=5704\" class=\"magicmore\">CONTRATAR<\/a>\n\t<\/div><\/div><hr class=\"vertical-space3\">[\/vc_column_inner][vc_column_inner width=&#8221;1\/3&#8243;]<hr class=\"vertical-space1\"><div class=\"w-pricing-table pt-type5\">\n\t\t\t\t<div class=\"pt-header\">\n\t\t\t\t\t<span style=\"background: #f2c340;\">GOLD<\/span>\n\t\t\t\t\t<h3 class=\"plan-title\">PLANO GOLD<\/h3>\n\t\t\t\t\t<h4 class=\"plan-price\"><span>R$49,90<\/span><small>\/m\u00eas<\/small><\/h4>\n\t\t\t\t\t<h5><\/h5>\n\t\t\t\t<\/div>\n\t\t\t\t<ul class=\"pt-features\"><li class=\"feature-item\"><span class=\"feature-icon empty-icon\"><\/span>Maior desempenho<\/li><li class=\"feature-item\"><span class=\"feature-icon empty-icon\"><\/span>40GB SSD NVMe<\/li><li class=\"feature-item\"><span class=\"feature-icon empty-icon\"><\/span>1TB Transfer\u00eancia<\/li><li class=\"feature-item\"><span class=\"feature-icon empty-icon\"><\/span>Hospede at\u00e9 7 sites<\/li><li class=\"feature-item\"><span class=\"feature-icon empty-icon\"><\/span>70 contas de e-mail<\/li><li class=\"feature-item\"><span class=\"feature-icon empty-icon\"><\/span>3 vCPU\/4GB mem\u00f3ria<\/li><li class=\"feature-item\"><span class=\"feature-icon empty-icon\"><\/span>PHP do 5.2 ao 8.0<\/li><li class=\"feature-item\"><span class=\"feature-icon empty-icon\"><\/span>Prote\u00e7\u00e3o avan\u00e7ada<\/li><li class=\"feature-item\"><span class=\"feature-icon empty-icon\"><\/span>Criador de Sites Gr\u00e1tis<\/li><li class=\"feature-item\"><span class=\"feature-icon empty-icon\"><\/span>Certificado SSL Gr\u00e1tis<\/li><\/ul>\n\t\t\t\t\n\t<div class=\"pt-footer\">\n\t\t\n\t\t<a href=\"https:\/\/hobinsonhost.com.br\/?page_id=5704\" class=\"magicmore\">CONTRATAR<\/a>\n\t<\/div><\/div><hr class=\"vertical-space1\">[\/vc_column_inner][\/vc_row_inner]<hr class=\"vertical-space1\">[\/vc_column][\/vc_row][vc_row row_type=&#8221;2&#8243; blox_image=&#8221;6172&#8243; blox_dark=&#8221;true&#8221; blox_bgcolor=&#8221;#f6f6f5&#8243;][vc_column]<hr class=\"vertical-space3\">[vc_row_inner][vc_column_inner width=&#8221;2\/3&#8243;][vc_column_text]<\/p>\n<h3 style=\"font-size: 25px; font-weight: 400;\">A melhor Hospedagem e Construtor de Sites Incluso!<\/h3>\n<p>Crie seu site de maneira f\u00e1cil e r\u00e1pida com nossa incr\u00edvel ferramenta.[\/vc_column_text][\/vc_column_inner][vc_column_inner el_class=&#8221;alignright&#8221; width=&#8221;1\/3&#8243; css=&#8221;.vc_custom_1454223180263{margin-top: 7px !important;}&#8221;]<a href=\"https:\/\/hobinsonhost.com.br\/?page_id=8964 \" class=\"button white rounded medium bordered-bot \" target=\"_self\">Saiba mais.<\/a>[\/vc_column_inner][\/vc_row_inner]<hr class=\"vertical-space2\">[\/vc_column][\/vc_row][vc_row][vc_column]<hr class=\"vertical-space5\">\n\t<div class=\"subtitle-element subtitle-element1\">\n\t\t<h4>Adicionais <strong>Inclusos em Todos os Planos<\/strong><\/h4>\n\t<\/div><hr class=\"vertical-space1\">[vc_row_inner][vc_column_inner width=&#8221;1\/3&#8243;]<article class=\"icon-box25\" ><i class=\"sl-umbrella\" style=\"\"><\/i><h4>Backups Di\u00e1rios<\/h4><p>Seu site 100% seguro quanto a falhas e erros<\/p><\/article><hr class=\"vertical-space2\"><article class=\"icon-box25\" ><i class=\"sl-mouse\" style=\"\"><\/i><h4>cPanel<\/h4><p>Planos com o melhor Painel de Controle do Mundo. Apresentamos o cPanel.<\/p><\/article><hr class=\"vertical-space2\">[\/vc_column_inner][vc_column_inner width=&#8221;1\/3&#8243;]<article class=\"icon-box25\" ><i class=\"sl-screen-desktop\" style=\"\"><\/i><h4>Monitoramento<\/h4><p>Sites monitorados 24 Horas por dia evitando ataques contra a seguran\u00e7a do seus sistema<\/p><\/article><hr class=\"vertical-space2\"><article class=\"icon-box25\" ><i class=\"sl-share-alt\" style=\"\"><\/i><h4>Certificado SSL Gr\u00e1tis<\/h4><p>Instalamos e ativamos o seu Certificado SSL totalmente gratuito!<\/p><\/article><hr class=\"vertical-space2\">[\/vc_column_inner][vc_column_inner width=&#8221;1\/3&#8243;]<article class=\"icon-box25\" ><i class=\"sl-globe-alt\" style=\"\"><\/i><h4>CloudFlare<\/h4><p>Ative o CloudFlare em apenas 1 clique em seu Painel de Controle<\/p><\/article><hr class=\"vertical-space2\"><article class=\"icon-box25\" ><i class=\"sl-ghost\" style=\"\"><\/i><h4>Livre de Amea\u00e7as<\/h4><p>Scaneamento di\u00e1rio contra malwares em seu servidor<\/p><\/article><hr class=\"vertical-space2\">[\/vc_column_inner][\/vc_row_inner]<hr class=\"vertical-space2\">[\/vc_column][\/vc_row][vc_row row_type=&#8221;2&#8243; blox_class=&#8221;topborder bottomborder&#8221; blox_bgcolor=&#8221;#f6f8f9&#8243;][vc_column]<hr class=\"vertical-space5\">\n\t<div class=\"subtitle-element subtitle-element1\">\n\t\t<h4>Especifica\u00e7\u00f5es <strong>T\u00e9cnicas<\/strong><\/h4>\n\t<\/div><hr class=\"vertical-space1\">[vc_row_inner][vc_column_inner width=&#8221;1\/3&#8243;]<article class=\"icon-box\" ><i class=\"sl-layers\" style=\"\"><\/i><h4>UpTime<\/h4><p>Uptime controlado por servidores externos que garantem a maior performance para os sites hospedados.<\/p><\/article><hr class=\"vertical-space4\"><article class=\"icon-box\" ><i class=\"sl-wrench\" style=\"\"><\/i><h4>Instalador Softaculous<\/h4><p>Instale mais de 600 aplica\u00e7\u00f5es como WordPress e Joomla com apenas 1 clique.<\/p><\/article><hr class=\"vertical-space4\">[\/vc_column_inner][vc_column_inner width=&#8221;1\/3&#8243;]<article class=\"icon-box\" ><i class=\"sl-cloud-upload\" style=\"\"><\/i><h4>Cloud Control<\/h4><p>Sistema de controle de todos os servidores que compartilham a sua nuvem.<\/p><\/article><hr class=\"vertical-space4\"><article class=\"icon-box\" ><a href=\"https:\/\/hobinsonhost.com.br\/?page_id=10915\"><i class=\"li_data\" style=\"\"><\/i><\/a><h4>Contrutor de Sites<\/h4><p>Diversos templates dispon\u00edveis gratuitamente para ajudar voc\u00ea a criar o seu site em minutos.<\/p><a class=\"magicmore\" href=\"https:\/\/hobinsonhost.com.br\/?page_id=10915\">D\u00favidas Saiba mais<\/a><\/article><hr class=\"vertical-space4\">[\/vc_column_inner][vc_column_inner width=&#8221;1\/3&#8243;]<article class=\"icon-box\" ><i class=\"sl-settings\" style=\"\"><\/i><h4>Painel de Controle<\/h4><p>Painel de Controle cPanel j\u00e1 incluso em todos os sites.<\/p><\/article><hr class=\"vertical-space4\"><article class=\"icon-box\" ><i class=\"sl-earphones-alt\" style=\"\"><\/i><h4>Suporte<\/h4><p>Suporte dispon\u00edvel 24 horas via email e telefone.<\/p><\/article><hr class=\"vertical-space4\">[\/vc_column_inner][\/vc_row_inner]<hr class=\"vertical-space5\">[\/vc_column][\/vc_row][vc_row 0=&#8221;&#8221;][vc_column 0=&#8221;&#8221;][vc_raw_html 0=&#8221;&#8221;]JTNDc2NyaXB0JTIwdHlwZSUzRCUyMnRleHQlMkZqYXZhc2NyaXB0JTIyJTIwc3JjJTNEJTIyaHR0cCUzQSUyRiUyRnd3dy5ob2JpbnNvbi5jb20uYnIlMkZhcmVhLWRvLWNsaWVudGUlMkZpbmRleC5waHAlM0ZfdXJsJTNEJTJGb3JkZXJidXR0b24lMkZqcyUyNm9wdGlvbnMlM0QxJTI2d2lkdGglM0Q2MDAlMjZ0aGVtZV9jb2xvciUzRGJsdWUlMjZiYWNrZ3JvdW5kX2NvbG9yJTNEJTI1MjMwMDAwMDAlMjZiYWNrZ3JvdW5kX29wYWNpdHklM0Q1MCUyNmJpbmRfc2VsZWN0b3IlM0Qub3JkZXItYnV0dG9uJTI2Ym9yZGVyX3JhZGl1cyUzRDAlMjIlM0UlM0MlMkZzY3JpcHQlM0U=[\/vc_raw_html][\/vc_column][\/vc_row]<\/p>\n","protected":false},"excerpt":{"rendered":"<p>[vc_row row_type=&#8221;2&#8243; blox_height=&#8221;343&#8243; blox_image=&#8221;6359&#8243; page_title=&#8221;page-title-x&#8221; blox_dark=&#8221;true&#8221; row_pattern=&#8221;max-pat2&#8243;][vc_column][vc_column_text] Hospedagem de Sites [\/vc_column_text][\/vc_column][\/vc_row][vc_row][vc_column][vc_row_inner][vc_column_inner width=&#8221;1\/3&#8243;][\/vc_column_inner][vc_column_inner width=&#8221;1\/3&#8243;][\/vc_column_inner][vc_column_inner width=&#8221;1\/3&#8243;][\/vc_column_inner][\/vc_row_inner][\/vc_column][\/vc_row][vc_row row_type=&#8221;2&#8243; blox_image=&#8221;6172&#8243; blox_dark=&#8221;true&#8221; blox_bgcolor=&#8221;#f6f6f5&#8243;][vc_column][vc_row_inner][vc_column_inner width=&#8221;2\/3&#8243;][vc_column_text] A melhor Hospedagem e Construtor de Sites Incluso! Crie seu site de maneira f\u00e1cil e r\u00e1pida com nossa incr\u00edvel ferramenta.[\/vc_column_text][\/vc_column_inner][vc_column_inner el_class=&#8221;alignright&#8221; width=&#8221;1\/3&#8243; css=&#8221;.vc_custom_1454223180263{margin-top: 7px !important;}&#8221;][\/vc_column_inner][\/vc_row_inner][\/vc_column][\/vc_row][vc_row][vc_column][vc_row_inner][vc_column_inner width=&#8221;1\/3&#8243;][\/vc_column_inner][vc_column_inner width=&#8221;1\/3&#8243;][\/vc_column_inner][vc_column_inner width=&#8221;1\/3&#8243;][\/vc_column_inner][\/vc_row_inner][\/vc_column][\/vc_row][vc_row row_type=&#8221;2&#8243; blox_class=&#8221;topborder bottomborder&#8221; blox_bgcolor=&#8221;#f6f8f9&#8243;][vc_column][vc_row_inner][vc_column_inner width=&#8221;1\/3&#8243;][\/vc_column_inner][vc_column_inner width=&#8221;1\/3&#8243;][\/vc_column_inner][vc_column_inner width=&#8221;1\/3&#8243;][\/vc_column_inner][\/vc_row_inner][\/vc_column][\/vc_row][vc_row 0=&#8221;&#8221;][vc_column 0=&#8221;&#8221;][vc_raw_html 0=&#8221;&#8221;]JTNDc2NyaXB0JTIwdHlwZSUzRCUyMnRleHQlMkZqYXZhc2NyaXB0JTIyJTIwc3JjJTNEJTIyaHR0cCUzQSUyRiUyRnd3dy5ob2JpbnNvbi5jb20uYnIlMkZhcmVhLWRvLWNsaWVudGUlMkZpbmRleC5waHAlM0ZfdXJsJTNEJTJGb3JkZXJidXR0b24lMkZqcyUyNm9wdGlvbnMlM0QxJTI2d2lkdGglM0Q2MDAlMjZ0aGVtZV9jb2xvciUzRGJsdWUlMjZiYWNrZ3JvdW5kX2NvbG9yJTNEJTI1MjMwMDAwMDAlMjZiYWNrZ3JvdW5kX29wYWNpdHklM0Q1MCUyNmJpbmRfc2VsZWN0b3IlM0Qub3JkZXItYnV0dG9uJTI2Ym9yZGVyX3JhZGl1cyUzRDAlMjIlM0UlM0MlMkZzY3JpcHQlM0U=[\/vc_raw_html][\/vc_column][\/vc_row]<\/p>\n","protected":false},"author":1,"featured_media":0,"parent":0,"menu_order":0,"comment_status":"closed","ping_status":"closed","template":"","meta":[],"_links":{"self":[{"href":"https:\/\/hobinsonhost.com.br\/index.php?rest_route=\/wp\/v2\/pages\/9289"}],"collection":[{"href":"https:\/\/hobinsonhost.com.br\/index.php?rest_route=\/wp\/v2\/pages"}],"about":[{"href":"https:\/\/hobinsonhost.com.br\/index.php?rest_route=\/wp\/v2\/types\/page"}],"author":[{"embeddable":true,"href":"https:\/\/hobinsonhost.com.br\/index.php?rest_route=\/wp\/v2\/users\/1"}],"replies":[{"embeddable":true,"href":"https:\/\/hobinsonhost.com.br\/index.php?rest_route=%2Fwp%2Fv2%2Fcomments&post=9289"}],"version-history":[{"count":83,"href":"https:\/\/hobinsonhost.com.br\/index.php?rest_route=\/wp\/v2\/pages\/9289\/revisions"}],"predecessor-version":[{"id":11654,"href":"https:\/\/hobinsonhost.com.br\/index.php?rest_route=\/wp\/v2\/pages\/9289\/revisions\/11654"}],"wp:attachment":[{"href":"https:\/\/hobinsonhost.com.br\/index.php?rest_route=%2Fwp%2Fv2%2Fmedia&parent=9289"}],"curies":[{"name":"wp","href":"https:\/\/api.w.org\/{rel}","templated":true}]}}