{"id":6522,"date":"2016-02-02T11:16:35","date_gmt":"2016-02-02T11:16:35","guid":{"rendered":"http:\/\/webnus.biz\/themes\/easyweb\/host\/?page_id=6522"},"modified":"2018-05-18T18:34:43","modified_gmt":"2018-05-18T21:34:43","slug":"about-us","status":"publish","type":"page","link":"https:\/\/hobinsonhost.com.br\/?page_id=6522","title":{"rendered":"Sobre n\u00f3s"},"content":{"rendered":"<p>[vc_row row_type=&#8221;2&#8243; blox_height=&#8221;340&#8243; blox_image=&#8221;6365&#8243; blox_cover=&#8221;false&#8221; page_title=&#8221;page-title-x&#8221; blox_dark=&#8221;true&#8221; row_pattern=&#8221;max-pat2&#8243;][vc_column]<hr class=\"vertical-space5\"><hr class=\"vertical-space5\">[vc_column_text el_class=&#8221;aligncenter&#8221;]<\/p>\n<h2 class=\"respo-tagline\"><strong><span style=\"color: #4fc1e9;\">Nossa<\/span> <span style=\"color: #ffffff;\">Hist\u00f3ria<\/span><\/strong><\/h2>\n<p>[\/vc_column_text][\/vc_column][\/vc_row][vc_row][vc_column]<hr class=\"vertical-space5\">[\/vc_column][vc_column width=&#8221;1\/2&#8243;]\n\t<div class=\"subtitle-element subtitle-element1\">\n\t\t<h4>Sobre a <strong>Hobinson Host<\/strong><\/h4>\n\t<\/div>[vc_column_text]Criada em 2015 a Hobinson Host empresa da fam\u00edlia Robinson tem dedicado todo o seu trabalho as necessidades de seus clientes com total simplicidade.<br \/>\nNossa equipe vem preparada para atender com um suporte eficiente para tirar todas as d\u00favidas que nossos clientes e amigos possam ter.<\/p>\n<h5><strong>Filosofia de trabalho<br \/>\n<\/strong><\/h5>\n<p>Nosso sistema de hospedagem oferece tecnologia de ponta na \u00e1rea de hospedagem de sites e contamos com uma equipe de atendimento s\u00e9ria e qualificada, onde estamos sempre a disposi\u00e7\u00e3o de nossos clientes.<br \/>\nSentimos alegria a cada site visto online, e observamos a satisfa\u00e7\u00e3o de nossos clientes com o retorno esperado.<\/p>\n<h5><strong>Miss\u00e3o<\/strong><\/h5>\n<p>Nossa miss\u00e3o \u00e9 levar aos nossos clientes, uma estrutura de alta qualidade a n\u00edvel mundial com<br \/>\nsuporte eficiente todos os dias do ano e sermos parceiros juntos em pr\u00f3 do seu neg\u00f3cio.[\/vc_column_text]<hr class=\"vertical-space4\">[\/vc_column][vc_column width=&#8221;1\/2&#8243;][vc_single_image image=&#8221;6523&#8243; img_size=&#8221;full&#8221; alignment=&#8221;center&#8221;]<hr class=\"vertical-space4\">[\/vc_column][\/vc_row][vc_row row_type=&#8221;2&#8243; blox_class=&#8221;bottomborder&#8221; blox_bgcolor=&#8221;#f6f8f9&#8243;][vc_column]<hr class=\"vertical-space5\">\n\t<div class=\"max-title max-title4\">\n\t\t<h2>Suporte <strong>Especializado<\/strong><\/h2>\n\t<\/div><hr class=\"vertical-space1\"><hr class=\"vertical-space3\">[\/vc_column][\/vc_row][vc_row row_type=&#8221;2&#8243; blox_image=&#8221;6440&#8243; blox_dark=&#8221;true&#8221; blox_bgcolor=&#8221;#00c2e5&#8243;][vc_column]<hr class=\"vertical-space5\">[vc_column_text]<\/p>\n<h3 style=\"text-align: center;\">Suporte Online<\/h3>\n<h3 style=\"text-align: center;\">24 Horas por dia \/ 7 Dias por Semana<\/h3>\n<p>[\/vc_column_text]<hr class=\"vertical-space2\">[vc_row_inner][vc_column_inner width=&#8221;1\/2&#8243;]<hr class=\"vertical-space1\"><article class=\"icon-box9\" ><i class=\"sl-call-out\" style=\"\"><\/i><h4>Suporte por Telefone<\/h4><p>(19) 98818-5737<\/p><\/article><hr class=\"vertical-space1\">[\/vc_column_inner][vc_column_inner width=&#8221;1\/2&#8243;]<hr class=\"vertical-space1\"><article class=\"icon-box9\" ><i class=\"icon-envelope\" style=\"\"><\/i><h4>SUPORTE POR EMAIL<\/h4><p>suporte@hobinsonhost.com.br<\/p><\/article><hr class=\"vertical-space1\">[\/vc_column_inner][\/vc_row_inner]<hr class=\"vertical-space5\">[\/vc_column][\/vc_row][vc_row row_type=&#8221;2&#8243; blox_bgcolor=&#8221;#f7f7f7&#8243;][vc_column]<hr class=\"vertical-space5\">\n\t<div class=\"max-title max-title4\">\n\t\t<h2>Alguns fatos <strong>Sobre n\u00f3s<\/strong><\/h2>\n\t<\/div><hr class=\"vertical-space4\">[vc_row_inner][vc_column_inner width=&#8221;1\/4&#8243;]<div class=\"s-counter max-counter\" data-effecttype=\"counter\" data-counter=\"100\"><i class=\"icon-counter sl-badge\" style=\"color:#95d666\"><\/i><span class=\"max-count\">100<\/span><span class=\"suf-counter\">%<\/span><h5>CLIENTES SATISFEITOS<\/h5><\/div><hr class=\"vertical-space2\">[\/vc_column_inner][vc_column_inner width=&#8221;1\/4&#8243;]<div class=\"s-counter max-counter\" data-effecttype=\"counter\" data-counter=\"100\"><i class=\"icon-counter sl-trophy\" style=\"color:#eacd12\"><\/i><span class=\"max-count\">100<\/span><span class=\"suf-counter\">%<\/span><h5>CERTIFICA\u00c7\u00d5ES TOP SERVICES<\/h5><\/div><hr class=\"vertical-space2\">[\/vc_column_inner][vc_column_inner width=&#8221;1\/4&#8243;]<div class=\"s-counter max-counter\" data-effecttype=\"counter\" data-counter=\"100\"><i class=\"icon-counter sl-layers\" style=\"color:#4c89bf\"><\/i><span class=\"max-count\">100<\/span><span class=\"suf-counter\">%<\/span><h5>TRABALHOS REALIZADOS<\/h5><\/div><hr class=\"vertical-space2\">[\/vc_column_inner][vc_column_inner width=&#8221;1\/4&#8243;]<div class=\"s-counter max-counter\" data-effecttype=\"counter\" data-counter=\"60\"><i class=\"icon-counter icon-clock\" style=\"color:#dd5a5a\"><\/i><span class=\"max-count\">60<\/span><span class=\"suf-counter\">'<\/span><h5>TEMPO M\u00c1XIMO DE ESPERA POR ATENDIMENTO<\/h5><\/div><hr class=\"vertical-space2\">[\/vc_column_inner][\/vc_row_inner]<hr class=\"vertical-space4\">[\/vc_column][\/vc_row][vc_row][vc_column width=&#8221;1\/6&#8243; el_class=&#8221;aligncenter&#8221;][\/vc_column][vc_column width=&#8221;2\/3&#8243;]<hr class=\"vertical-space5\">\n\t<div class=\"max-title max-title4\">\n\t\t<h2>Hobinson <strong>Host<\/strong><\/h2>\n\t<\/div>[vc_column_text]<\/p>\n<p style=\"text-align: center;\">Na Hosbinson Host voc\u00ea tem a certeza de contratar uma empresa que busca incessantemente angariar novas tecnologias que agreguem a voc\u00ea nosso cliente, os melhores resultados para que o seu neg\u00f3cio cres\u00e7a num mercado t\u00e3o competitivo, como a internet.<\/p>\n<p>[\/vc_column_text]<hr class=\"vertical-space1\">[\/vc_column][vc_column width=&#8221;1\/6&#8243;][\/vc_column][\/vc_row]<\/p>\n","protected":false},"excerpt":{"rendered":"<p>[vc_row row_type=&#8221;2&#8243; blox_height=&#8221;340&#8243; blox_image=&#8221;6365&#8243; blox_cover=&#8221;false&#8221; page_title=&#8221;page-title-x&#8221; blox_dark=&#8221;true&#8221; row_pattern=&#8221;max-pat2&#8243;][vc_column][vc_column_text el_class=&#8221;aligncenter&#8221;] Nossa Hist\u00f3ria [\/vc_column_text][\/vc_column][\/vc_row][vc_row][vc_column][\/vc_column][vc_column width=&#8221;1\/2&#8243;][vc_column_text]Criada em 2015 a Hobinson Host empresa da fam\u00edlia Robinson tem dedicado todo o seu trabalho as necessidades de seus clientes com total simplicidade. Nossa equipe vem preparada para atender com um suporte eficiente para tirar todas as d\u00favidas que nossos clientes e amigos possam ter. Filosofia de trabalho Nosso sistema de hospedagem oferece tecnologia de ponta na \u00e1rea de hospedagem de sites e contamos com uma equipe de atendimento s\u00e9ria e qualificada, onde estamos sempre a disposi\u00e7\u00e3o de nossos clientes. Sentimos alegria a cada site visto online, e observamos a satisfa\u00e7\u00e3o de nossos clientes com o retorno esperado. Miss\u00e3o Nossa miss\u00e3o \u00e9 levar aos nossos clientes, uma estrutura de alta qualidade a n\u00edvel mundial com suporte eficiente todos os dias do ano e sermos parceiros juntos em pr\u00f3 do seu neg\u00f3cio.[\/vc_column_text][\/vc_column][vc_column width=&#8221;1\/2&#8243;][vc_single_image image=&#8221;6523&#8243; img_size=&#8221;full&#8221; alignment=&#8221;center&#8221;][\/vc_column][\/vc_row][vc_row row_type=&#8221;2&#8243; blox_class=&#8221;bottomborder&#8221; blox_bgcolor=&#8221;#f6f8f9&#8243;][vc_column][\/vc_column][\/vc_row][vc_row row_type=&#8221;2&#8243; blox_image=&#8221;6440&#8243; blox_dark=&#8221;true&#8221; blox_bgcolor=&#8221;#00c2e5&#8243;][vc_column][vc_column_text] Suporte Online 24 Horas por dia \/ 7 Dias por Semana [\/vc_column_text][vc_row_inner][vc_column_inner width=&#8221;1\/2&#8243;][\/vc_column_inner][vc_column_inner width=&#8221;1\/2&#8243;][\/vc_column_inner][\/vc_row_inner][\/vc_column][\/vc_row][vc_row row_type=&#8221;2&#8243; blox_bgcolor=&#8221;#f7f7f7&#8243;][vc_column][vc_row_inner][vc_column_inner width=&#8221;1\/4&#8243;][\/vc_column_inner][vc_column_inner width=&#8221;1\/4&#8243;][\/vc_column_inner][vc_column_inner width=&#8221;1\/4&#8243;][\/vc_column_inner][vc_column_inner width=&#8221;1\/4&#8243;][\/vc_column_inner][\/vc_row_inner][\/vc_column][\/vc_row][vc_row][vc_column width=&#8221;1\/6&#8243; el_class=&#8221;aligncenter&#8221;][\/vc_column][vc_column width=&#8221;2\/3&#8243;][vc_column_text] Na Hosbinson Host voc\u00ea tem a certeza de contratar uma empresa que busca incessantemente angariar novas tecnologias que agreguem a voc\u00ea nosso cliente, os melhores resultados para que o seu neg\u00f3cio cres\u00e7a num mercado t\u00e3o competitivo, como a internet. [\/vc_column_text][\/vc_column][vc_column width=&#8221;1\/6&#8243;][\/vc_column][\/vc_row]<\/p>\n","protected":false},"author":1,"featured_media":0,"parent":5712,"menu_order":0,"comment_status":"closed","ping_status":"closed","template":"","meta":[],"_links":{"self":[{"href":"https:\/\/hobinsonhost.com.br\/index.php?rest_route=\/wp\/v2\/pages\/6522"}],"collection":[{"href":"https:\/\/hobinsonhost.com.br\/index.php?rest_route=\/wp\/v2\/pages"}],"about":[{"href":"https:\/\/hobinsonhost.com.br\/index.php?rest_route=\/wp\/v2\/types\/page"}],"author":[{"embeddable":true,"href":"https:\/\/hobinsonhost.com.br\/index.php?rest_route=\/wp\/v2\/users\/1"}],"replies":[{"embeddable":true,"href":"https:\/\/hobinsonhost.com.br\/index.php?rest_route=%2Fwp%2Fv2%2Fcomments&post=6522"}],"version-history":[{"count":21,"href":"https:\/\/hobinsonhost.com.br\/index.php?rest_route=\/wp\/v2\/pages\/6522\/revisions"}],"predecessor-version":[{"id":11290,"href":"https:\/\/hobinsonhost.com.br\/index.php?rest_route=\/wp\/v2\/pages\/6522\/revisions\/11290"}],"up":[{"embeddable":true,"href":"https:\/\/hobinsonhost.com.br\/index.php?rest_route=\/wp\/v2\/pages\/5712"}],"wp:attachment":[{"href":"https:\/\/hobinsonhost.com.br\/index.php?rest_route=%2Fwp%2Fv2%2Fmedia&parent=6522"}],"curies":[{"name":"wp","href":"https:\/\/api.w.org\/{rel}","templated":true}]}}