{"id":6497,"date":"2016-02-02T09:32:38","date_gmt":"2016-02-02T09:32:38","guid":{"rendered":"http:\/\/webnus.biz\/themes\/easyweb\/host\/?page_id=6497"},"modified":"2021-08-04T18:04:28","modified_gmt":"2021-08-04T21:04:28","slug":"registro-de-dominios","status":"publish","type":"page","link":"https:\/\/hobinsonhost.com.br\/?page_id=6497","title":{"rendered":"Registro de Dom\u00ednios"},"content":{"rendered":"<p>[vc_row row_type=&#8221;2&#8243; blox_height=&#8221;340&#8243; blox_image=&#8221;6500&#8243; blox_cover=&#8221;false&#8221; page_title=&#8221;page-title-x&#8221; blox_dark=&#8221;true&#8221; row_pattern=&#8221;max-pat2&#8243;][vc_column 0=&#8221;&#8221;]<hr class=\"vertical-space5\"><hr class=\"vertical-space5\">[vc_column_text el_class=&#8221;aligncenter&#8221;]<\/p>\n<h2><strong><span style=\"color: #4fc1e9;\">REGISTRO<\/span> <span style=\"color: #ffffff;\">DE DOM\u00cdNIOS<br \/>\n<\/span><\/strong><\/h2>\n<p>[\/vc_column_text][\/vc_column][\/vc_row][vc_row row_type=&#8221;2&#8243; blox_padding_top=&#8221;100&#8243; blox_padding_bottom=&#8221;100&#8243; blox_dark=&#8221;true&#8221; blox_bgcolor=&#8221;#00c2e5&#8243;][vc_column 0=&#8221;&#8221;][vc_column_text 0=&#8221;&#8221;]<\/p>\n<h2 style=\"text-align: center; margin-bottom: 15px;\"><strong>Registro de Dom\u00ednios<\/strong><\/h2>\n<h4 style=\"text-align: center;\">Insira abaixo um nome de dom\u00ednio e clique em BUSCAR<\/h4>\n<p>[\/vc_column_text]<div id='domain-form'>\n\t<div id='wdc-style' >\n\t\t<form method='post' action='.\/' id='form' class='pure-form'> \n\n\t\t\t<input type='hidden' name='item_id' value=''>\n\t\t\t<input type='hidden' name='tld' value=''>\n\t\t\t<div class='input-group large' style='max-width:900px;'>\n     \t\t\t<input type='text' class='form-control' autocomplete='off' id='Search' name='domain' placeholder=''>\n      \t\t\t\t<span class='input-group-btn'>\n\t\t\t\t\t<button type='submit' id='Submit' class='btn btn-default btn-info'>BUSCAR DOM\u00cdNIO<\/button>\n     \t \t\t\t<\/span>\n    \t\t<\/div>\n\t\t\n\t\t<div id='loading'><img src='https:\/\/hobinsonhost.com.br\/wp-content\/plugins\/wp-domain-checker\/images\/load.gif'><\/img><\/div>\n\t<\/form>\n<div style='max-width:900px;'>\n\t\t<div id='results' class='result large'><\/div>\n<\/div>\n\t<\/div>\n<\/div><hr class=\"vertical-space1\">[vc_column_text]<\/p>\n<h5 class=\"dmn-prs\" style=\"text-align: center;\"><span class=\"dmncol\"><strong>.com<\/strong>  <\/span><span class=\"dmncol\">\u00a0 <strong>.net<\/strong>    <\/span><span class=\"dmncol\"><strong>.com.br<\/strong>\u00a0\u00a0<\/span><span class=\"dmncol\"><strong>.org<\/strong>\u00a0\u00a0<\/span><\/h5>\n<p>[\/vc_column_text]<hr class=\"vertical-space1\">[vc_column_text 0=&#8221;&#8221;]<\/p>\n<h4 style=\"text-align: center;\">Achou o Dom\u00ednio desejado? Para Contratar.<\/h4>\n<p>[\/vc_column_text]<hr class=\"vertical-space1\">[vc_btn title=&#8221;Entre em Contato&#8221; color=&#8221;default&#8221; align=&#8221;center&#8221; el_id=&#8221;https:\/\/hobinsonhost.com.br\/?page_id=5704&#8243;][\/vc_column][\/vc_row][vc_row 0=&#8221;&#8221;][vc_column 0=&#8221;&#8221;]<hr class=\"vertical-space5\">\n\t<div class=\"subtitle-element subtitle-element1\">\n\t\t<h4>Tipos de <strong>Dom\u00ednios<\/strong><\/h4>\n\t<\/div>[vc_column_text 0=&#8221;&#8221;]Abaixo as extens\u00f5es de dom\u00ednios dispon\u00edveis para venda:[\/vc_column_text]\n<table id=\"tablepress-1\" class=\"tablepress tablepress-id-1\">\n<tbody class=\"row-hover\">\n<tr class=\"row-1 odd\">\n\t<td class=\"column-1\">.com<\/td><td class=\"column-2\">R$ 54,90 \/ano<\/td>\n<\/tr>\n<tr class=\"row-2 even\">\n\t<td class=\"column-1\">.net<\/td><td class=\"column-2\">R$ 56,89 \/ano<\/td>\n<\/tr>\n<tr class=\"row-3 odd\">\n\t<td class=\"column-1\">.com.br<\/td><td class=\"column-2\">R$ 54,90 \/ano<\/td>\n<\/tr>\n<tr class=\"row-4 even\">\n\t<td class=\"column-1\">.org<\/td><td class=\"column-2\">R$ 58,39 \/ano<\/td>\n<\/tr>\n<\/tbody>\n<\/table>\n<!-- #tablepress-1 from cache --><hr class=\"vertical-space3\">[\/vc_column][\/vc_row]<\/p>\n","protected":false},"excerpt":{"rendered":"<p>[vc_row row_type=&#8221;2&#8243; blox_height=&#8221;340&#8243; blox_image=&#8221;6500&#8243; blox_cover=&#8221;false&#8221; page_title=&#8221;page-title-x&#8221; blox_dark=&#8221;true&#8221; row_pattern=&#8221;max-pat2&#8243;][vc_column 0=&#8221;&#8221;][vc_column_text el_class=&#8221;aligncenter&#8221;] REGISTRO DE DOM\u00cdNIOS [\/vc_column_text][\/vc_column][\/vc_row][vc_row row_type=&#8221;2&#8243; blox_padding_top=&#8221;100&#8243; blox_padding_bottom=&#8221;100&#8243; blox_dark=&#8221;true&#8221; blox_bgcolor=&#8221;#00c2e5&#8243;][vc_column 0=&#8221;&#8221;][vc_column_text 0=&#8221;&#8221;] Registro de Dom\u00ednios Insira abaixo um nome de dom\u00ednio e clique em BUSCAR [\/vc_column_text][vc_column_text] .com \u00a0 .net .com.br\u00a0\u00a0.org\u00a0\u00a0 [\/vc_column_text][vc_column_text 0=&#8221;&#8221;] Achou o Dom\u00ednio desejado? Para Contratar. [\/vc_column_text][vc_btn title=&#8221;Entre em Contato&#8221; color=&#8221;default&#8221; align=&#8221;center&#8221; el_id=&#8221;https:\/\/hobinsonhost.com.br\/?page_id=5704&#8243;][\/vc_column][\/vc_row][vc_row 0=&#8221;&#8221;][vc_column 0=&#8221;&#8221;][vc_column_text 0=&#8221;&#8221;]Abaixo as extens\u00f5es de dom\u00ednios dispon\u00edveis para venda:[\/vc_column_text][\/vc_column][\/vc_row]<\/p>\n","protected":false},"author":1,"featured_media":0,"parent":0,"menu_order":0,"comment_status":"closed","ping_status":"closed","template":"","meta":[],"_links":{"self":[{"href":"https:\/\/hobinsonhost.com.br\/index.php?rest_route=\/wp\/v2\/pages\/6497"}],"collection":[{"href":"https:\/\/hobinsonhost.com.br\/index.php?rest_route=\/wp\/v2\/pages"}],"about":[{"href":"https:\/\/hobinsonhost.com.br\/index.php?rest_route=\/wp\/v2\/types\/page"}],"author":[{"embeddable":true,"href":"https:\/\/hobinsonhost.com.br\/index.php?rest_route=\/wp\/v2\/users\/1"}],"replies":[{"embeddable":true,"href":"https:\/\/hobinsonhost.com.br\/index.php?rest_route=%2Fwp%2Fv2%2Fcomments&post=6497"}],"version-history":[{"count":34,"href":"https:\/\/hobinsonhost.com.br\/index.php?rest_route=\/wp\/v2\/pages\/6497\/revisions"}],"predecessor-version":[{"id":11642,"href":"https:\/\/hobinsonhost.com.br\/index.php?rest_route=\/wp\/v2\/pages\/6497\/revisions\/11642"}],"wp:attachment":[{"href":"https:\/\/hobinsonhost.com.br\/index.php?rest_route=%2Fwp%2Fv2%2Fmedia&parent=6497"}],"curies":[{"name":"wp","href":"https:\/\/api.w.org\/{rel}","templated":true}]}}