{"id":5712,"date":"2016-01-17T08:08:56","date_gmt":"2016-01-17T08:08:56","guid":{"rendered":"http:\/\/webnus.biz\/themes\/easyweb\/host\/?page_id=5712"},"modified":"2026-03-04T11:51:13","modified_gmt":"2026-03-04T14:51:13","slug":"home-1","status":"publish","type":"page","link":"https:\/\/hobinsonhost.com.br\/","title":{"rendered":"Home"},"content":{"rendered":"<p>[vc_row row_type=&#8221;1&#8243;][vc_column css=&#8221;.vc_custom_1453020108738{padding-top: 0px !important;padding-right: 0px !important;padding-bottom: 0px !important;padding-left: 0px !important;}&#8221;][rev_slider_vc alias=&#8221;Host-slider1&#8243;][\/vc_column][\/vc_row][vc_row row_type=&#8221;2&#8243; blox_padding_top=&#8221;100&#8243; blox_padding_bottom=&#8221;80&#8243; blox_dark=&#8221;true&#8221; blox_class=&#8221;bg-colorskin&#8221; blox_bgcolor=&#8221;#00c2e5&#8243;][vc_column 0=&#8221;&#8221;][vc_column_text 0=&#8221;&#8221;]<\/p>\n<h2 style=\"text-align: center; margin-bottom: 15px;\"><strong>Registro de Dom\u00ednios<br \/>\n<\/strong><\/h2>\n<h4 style=\"text-align: center; font-size: 19px;\">Insira abaixo um nome de dom\u00ednio e clique em BUSCAR<\/h4>\n<p>[\/vc_column_text]<div id='domain-form'>\n\t<div id='wdc-style' >\n\t\t<form method='post' action='.\/' id='form' class='pure-form'> \n\n\t\t\t<input type='hidden' name='item_id' value=''>\n\t\t\t<input type='hidden' name='tld' value=''>\n\t\t\t<div class='input-group large' style='max-width:900px;'>\n     \t\t\t<input type='text' class='form-control' autocomplete='off' id='Search' name='domain' placeholder=''>\n      \t\t\t\t<span class='input-group-btn'>\n\t\t\t\t\t<button type='submit' id='Submit' class='btn btn-default btn-info'>Buscar Dom\u00ednio<\/button>\n     \t \t\t\t<\/span>\n    \t\t<\/div>\n\t\t\n\t\t<div id='loading'><img src='https:\/\/hobinsonhost.com.br\/wp-content\/plugins\/wp-domain-checker\/images\/load.gif'><\/img><\/div>\n\t<\/form>\n<div style='max-width:900px;'>\n\t\t<div id='results' class='result large'><\/div>\n<\/div>\n\t<\/div>\n<\/div><hr class=\"vertical-space1\">[vc_column_text 0=&#8221;&#8221;]<\/p>\n<h5 class=\"dmn-prs\" style=\"text-align: center;\"><span class=\"dmncol\"><strong>.com<\/strong> <\/span><span class=\"dmncol\">\u00a0<strong>.net<\/strong>  <\/span><span class=\"dmncol\"><strong>.com.br<\/strong>\u00a0\u00a0<\/span><span class=\"dmncol\"><strong>.org<\/strong>\u00a0\u00a0<\/span><\/h5>\n<p>[\/vc_column_text]<hr class=\"vertical-space1\"><hr class=\"vertical-space1\">[\/vc_column][\/vc_row][vc_row row_type=&#8221;2&#8243; blox_class=&#8221;brdr-b1e&#8221; blox_bgcolor=&#8221;#fbfbfb&#8221;][vc_column 0=&#8221;&#8221;]<hr class=\"vertical-space5\">\n\t<div class=\"max-title max-title4\">\n\t\t<h2>Servi\u00e7os sob medida <strong>para as suas necessidades!<\/strong><\/h2>\n\t<\/div><hr class=\"vertical-space2\">[vc_row_inner 0=&#8221;&#8221;][vc_column_inner width=&#8221;1\/4&#8243;]<hr class=\"vertical-space1\"><article class=\"icon-box22\" ><a href=\"http:\/\/..\/?page_id=9289\"><i class=\"sl-layers\" style=\"\"><\/i><\/a><h4><strong>Hospedagem <\/strong><br \/>\nDe Sites<\/h4><p>Painel de Controle cPanel e Construtor de Sites<\/p><a class=\"magicmore\" href=\"..\/?page_id=9289\">Saiba Mais<\/a><\/article><hr class=\"vertical-space1\">[\/vc_column_inner][vc_column_inner width=&#8221;1\/4&#8243;]<hr class=\"vertical-space1\"><article class=\"icon-box22  w-featured\" ><a href=\"http:\/\/..\/?page_id=9289\"><i class=\"sl-rocket\" style=\"\"><\/i><\/a><h4><strong>CMS <\/strong>Hosting<\/h4><p>Hospedagem preparada para o seu CMS WordPress ou Joomla<\/p><a class=\"magicmore\" href=\"..\/?page_id=9289\">Saiba Mais<\/a><\/article><hr class=\"vertical-space1\">[\/vc_column_inner][vc_column_inner width=&#8221;1\/4&#8243;]<hr class=\"vertical-space1\"><article class=\"icon-box22\" ><a href=\"http:\/\/..\/?page_id=9304\"><i class=\"sl-speedometer\" style=\"\"><\/i><\/a><h4>Criar <strong>Sites <\/strong><\/h4><p>Veja como \u00e9 f\u00e1cil e r\u00e1pido criar seu site<\/p><a class=\"magicmore\" href=\"..\/?page_id=9304\">Saiba Mais<\/a><\/article><hr class=\"vertical-space1\">[\/vc_column_inner][vc_column_inner width=&#8221;1\/4&#8243;]<hr class=\"vertical-space1\"><article class=\"icon-box22\" ><a href=\"http:\/\/..\/?page_id=9304\"><i class=\"li_data\" style=\"\"><\/i><\/a><h4>Loja <strong>Virtual <\/strong><\/h4><p>Tenha o m\u00e1ximo de performance e liberdade para o seu site, aplica\u00e7\u00e3o ou sistema.<\/p><a class=\"magicmore\" href=\"..\/?page_id=9304\">Saiba Mais<\/a><\/article><hr class=\"vertical-space1\">[\/vc_column_inner][\/vc_row_inner]<hr class=\"vertical-space5\">[\/vc_column][\/vc_row][vc_row row_type=&#8221;2&#8243; blox_image=&#8221;6440&#8243; blox_dark=&#8221;true&#8221; blox_bgcolor=&#8221;#00c2e5&#8243;][vc_column 0=&#8221;&#8221;]<hr class=\"vertical-space5\">[vc_column_text 0=&#8221;&#8221;]<\/p>\n<h3 style=\"text-align: center;\">Suporte Online<\/h3>\n<h3 style=\"text-align: center;\">24 Horas por dia \/ 7 Dias por Semana<\/h3>\n<p>[\/vc_column_text]<hr class=\"vertical-space2\">[vc_row_inner 0=&#8221;&#8221;][vc_column_inner width=&#8221;1\/2&#8243;]<hr class=\"vertical-space1\"><article class=\"icon-box9\" ><i class=\"sl-call-out\" style=\"\"><\/i><h4>Suporte por Telefone<\/h4><p>(19) 98930-2133<\/p><\/article><hr class=\"vertical-space1\">[\/vc_column_inner][vc_column_inner width=&#8221;1\/2&#8243;]<hr class=\"vertical-space1\"><article class=\"icon-box9\" ><i class=\"sl-speech\" style=\"\"><\/i><h4>SUPORTE POR EMAIL<\/h4><p>suporte@hobinsonhost.com.br<\/p><\/article><hr class=\"vertical-space1\">[\/vc_column_inner][\/vc_row_inner]<hr class=\"vertical-space5\">[\/vc_column][\/vc_row][vc_row row_type=&#8221;3&#8243; blox_image=&#8221;9126&#8243; responsive_bg_none=&#8221;respo-bg-none&#8221; blox_bgcolor=&#8221;#f4f2f5&#8243; parallax_speed=&#8221;7&#8243;][vc_column width=&#8221;1\/2&#8243;]<hr class=\"vertical-space5\"><hr class=\"vertical-space4\">[vc_column_text 0=&#8221;&#8221;]<\/p>\n<h3 style=\"text-transform: uppercase; font-size: 26px;\">Fa\u00e7a como o Daniel<br \/>\ne registre o seu dom\u00ednio<\/h3>\n<p class=\"slog-tx4\" style=\"color: #444;\">Encontre o dom\u00ednio certo para o seu neg\u00f3cio com uma extens\u00e3o <strong>.com<\/strong> ou <strong>.com.br<\/strong> entre outras op\u00e7\u00f5es que temos dispon\u00edveis para voc\u00ea.<\/p>\n<p>[\/vc_column_text]<a href=\"..\/?page_id=6497\" class=\"button green  medium  \" target=\"_self\">Encontre o seu dom\u00ednio agora<\/a><hr class=\"vertical-space2\"><hr class=\"vertical-space4\">[\/vc_column][vc_column width=&#8221;1\/2&#8243;][\/vc_column][\/vc_row][vc_row row_type=&#8221;2&#8243; blox_dark=&#8221;true&#8221; blox_class=&#8221;border-btm bg-colorskin&#8221; blox_bgcolor=&#8221;#00c2e5&#8243;][vc_column 0=&#8221;&#8221;]<hr class=\"vertical-space5\">\n\t<div class=\"subtitle-element subtitle-element4\">\n\t\t<h4>Motivos para <strong>nos escolher?<\/strong><\/h4>\n\t<\/div><hr class=\"vertical-space1\">[vc_row_inner 0=&#8221;&#8221;][vc_column_inner width=&#8221;1\/3&#8243;]<article class=\"icon-box20\" ><i class=\"li_data\" style=\"\"><\/i><h4><strong>Qualidade <\/strong><\/h4><p>Nos preocupamos em oferecer servidores com a mais alta qualidade e performance<\/p><\/article><hr class=\"vertical-space2\"><article class=\"icon-box20\" ><i class=\"li_clock\" style=\"\"><\/i><h4><strong>Uptime <\/strong><\/h4><p>Servidores com UpTime de 99.9% garantidos.<\/p><\/article><hr class=\"vertical-space2\">[\/vc_column_inner][vc_column_inner width=&#8221;1\/3&#8243;]<article class=\"icon-box20\" ><i class=\"li_banknote\" style=\"\"><\/i><h4><strong>Pre\u00e7os<\/strong> Justos<\/h4><p>Pague apenas o valor justo para ter o seu site online.<\/p><\/article><hr class=\"vertical-space2\"><article class=\"icon-box20\" ><i class=\"sl-badge\" style=\"\"><\/i><h4><strong>Satisfa\u00e7\u00e3o Garantida<\/strong><\/h4><p>Garantimos a sua satisfa\u00e7\u00e3o ou devolvemos o seu dinheiro.<br \/>\n*(Veja regras no Art. 49 C\u00f3digo do Consumidor)<\/p><\/article><hr class=\"vertical-space2\">[\/vc_column_inner][vc_column_inner width=&#8221;1\/3&#8243;]<article class=\"icon-box20\" ><i class=\"sl-earphones-alt\" style=\"\"><\/i><h4><strong>Suporte <\/strong> Especializado<\/h4><p>Um suporte online 24 horas por dia para lhe ajudar em todas a suas d\u00favidas e dificuldades.<\/p><\/article><hr class=\"vertical-space2\"><article class=\"icon-box20\" ><i class=\"sl-layers\" style=\"\"><\/i><h4><strong>Tecnologia Avan\u00e7ada <\/strong><\/h4><p>Servidores t\u00eam hardware de ponta, s\u00e3o otimizados e sem overselling.<\/p><\/article><hr class=\"vertical-space2\">[\/vc_column_inner][\/vc_row_inner]<hr class=\"vertical-space4\">[\/vc_column][\/vc_row][vc_row 0=&#8221;&#8221;][vc_column 0=&#8221;&#8221;]<hr class=\"vertical-space5\">\n\t<div class=\"max-title max-title4\">\n\t\t<h2>SEU NEG\u00d3CIO ONLINE <strong>HOJE<\/strong><\/h2>\n\t<\/div><div class=\"our-process-wrap\">\n\t\t\t\t<div class=\"our-process-item \">\n\t\t\t\t\t<i class=\"fa fa-hand-o-up\"><\/i>\n\t\t\t\t\t<h4><strong>Escolha um<\/strong> Dom\u00ednio<\/h4>\n\t\t\t\t\t<p>Escolha um nome de dom\u00ednio para o seu neg\u00f3cio<\/p>\n\t\t\t\t<\/div>\n\t\t\t\t<div class=\"our-process-item \">\n\t\t\t\t\t<i class=\"fa fa-download\"><\/i>\n\t\t\t\t\t<h4><strong>Hospedagem<\/strong><\/h4>\n\t\t\t\t\t<p>Escolha um de nossos planos de hospedagem dispon\u00edveis<\/p>\n\t\t\t\t<\/div>\n\t\t\t\t<div class=\"our-process-item \">\n\t\t\t\t\t<i class=\"fa fa-desktop\"><\/i>\n\t\t\t\t\t<h4><strong>WEBSITE<\/strong><\/h4>\n\t\t\t\t\t<p>Envie o seu site para sua hospedagem conosco ou crie um site facilmente com o nosso Construtor de Sites dispon\u00edvel a voc\u00ea gratuitamente.<\/p>\n\t\t\t\t<\/div>\n\t\t\t\t<div class=\"our-process-item \">\n\t\t\t\t\t<i class=\"fa fa-rocket\"><\/i>\n\t\t\t\t\t<h4><strong>Pronto!<\/strong><\/h4>\n\t\t\t\t\t<p>Agora \u00e9 s\u00f3 desfrutar de todos os benef\u00edcios de ter o seu neg\u00f3cio online.<\/p>\n\t\t\t\t<\/div><\/div><hr class=\"vertical-space3\">[vc_row_inner][vc_column_inner]\n\t<div class=\"max-title max-title4\">\n\t\t<h2>Nosso Trabalho Com Apar\u00eancia <strong>Profissional<\/strong><\/h2>\n\t<\/div>[vc_single_image image=&#8221;11282&#8243; img_size=&#8221;full&#8221; style=&#8221;vc_box_shadow_3d&#8221;]<a href=\"https:\/\/hobinsonhost.com.br\/?page_id=9304\" class=\"button green  small  \" target=\"_self\">Veja Nossos Planos <\/a><hr class=\"vertical-space5\">[\/vc_column_inner][\/vc_row_inner][\/vc_column][\/vc_row][vc_row row_type=&#8221;2&#8243; blox_image=&#8221;6439&#8243; blox_dark=&#8221;true&#8221;][vc_column 0=&#8221;&#8221;]<hr class=\"vertical-space5\">\n\t<div class=\"max-title max-title4\">\n\t\t<h2>Alguns fatos <strong>Sobre n\u00f3s<\/strong><\/h2>\n\t<\/div><hr class=\"vertical-space4\">[vc_row_inner 0=&#8221;&#8221;][vc_column_inner width=&#8221;1\/4&#8243;]<div class=\"s-counter max-counter\" data-effecttype=\"counter\" data-counter=\"100\"><i class=\"icon-counter sl-badge\" ><\/i><span class=\"max-count\">100<\/span><span class=\"suf-counter\">%<\/span><h5>CLIENTES SATISFEITOS<\/h5><\/div><hr class=\"vertical-space2\">[\/vc_column_inner][vc_column_inner width=&#8221;1\/4&#8243;]<div class=\"s-counter max-counter\" data-effecttype=\"counter\" data-counter=\"100\"><i class=\"icon-counter sl-trophy\" ><\/i><span class=\"max-count\">100<\/span><span class=\"suf-counter\">%<\/span><h5>CERTIFICA\u00c7\u00d5ES TOP SERVICES<\/h5><\/div><hr class=\"vertical-space2\">[\/vc_column_inner][vc_column_inner width=&#8221;1\/4&#8243;]<div class=\"s-counter max-counter\" data-effecttype=\"counter\" data-counter=\"100\"><i class=\"icon-counter sl-layers\" ><\/i><span class=\"max-count\">100<\/span><span class=\"suf-counter\">%<\/span><h5>TRABALHOS REALIZADOS<\/h5><\/div><hr class=\"vertical-space2\">[\/vc_column_inner][vc_column_inner width=&#8221;1\/4&#8243;]<div class=\"s-counter max-counter\" data-effecttype=\"counter\" data-counter=\"60\"><i class=\"icon-counter sl-globe-alt\" ><\/i><span class=\"max-count\">60<\/span><span class=\"suf-counter\">'<\/span><h5>TEMPO M\u00c1XIMO DE ESPERA POR ATENDIMENTO<\/h5><\/div><hr class=\"vertical-space2\">[\/vc_column_inner][\/vc_row_inner]<hr class=\"vertical-space4\">[\/vc_column][\/vc_row][vc_row 0=&#8221;&#8221;][vc_column width=&#8221;1\/6&#8243; el_class=&#8221;aligncenter&#8221;][\/vc_column][vc_column width=&#8221;2\/3&#8243;]<hr class=\"vertical-space5\">\n\t<div class=\"max-title max-title4\">\n\t\t<h2>Hobinson <strong>Host<\/strong><\/h2>\n\t<\/div>[vc_column_text 0=&#8221;&#8221;]<\/p>\n<p style=\"text-align: center;\">Na Hobinson Host voc\u00ea tem a certeza de contratar uma empresa que busca incessantemente angariar novas tecnologias que agreguem a voc\u00ea nosso cliente, os melhores resultados para que o seu neg\u00f3cio cres\u00e7a num mercado t\u00e3o competitivo, como a internet.<\/p>\n<p>[\/vc_column_text]<hr class=\"vertical-space1\">[\/vc_column][vc_column width=&#8221;1\/6&#8243;][\/vc_column][\/vc_row]<\/p>\n","protected":false},"excerpt":{"rendered":"<p>[vc_row row_type=&#8221;1&#8243;][vc_column css=&#8221;.vc_custom_1453020108738{padding-top: 0px !important;padding-right: 0px !important;padding-bottom: 0px !important;padding-left: 0px !important;}&#8221;][rev_slider_vc alias=&#8221;Host-slider1&#8243;][\/vc_column][\/vc_row][vc_row row_type=&#8221;2&#8243; blox_padding_top=&#8221;100&#8243; blox_padding_bottom=&#8221;80&#8243; blox_dark=&#8221;true&#8221; blox_class=&#8221;bg-colorskin&#8221; blox_bgcolor=&#8221;#00c2e5&#8243;][vc_column 0=&#8221;&#8221;][vc_column_text 0=&#8221;&#8221;] Registro de Dom\u00ednios Insira abaixo um nome de dom\u00ednio e clique em BUSCAR [\/vc_column_text][vc_column_text 0=&#8221;&#8221;] .com \u00a0.net .com.br\u00a0\u00a0.org\u00a0\u00a0 [\/vc_column_text][\/vc_column][\/vc_row][vc_row row_type=&#8221;2&#8243; blox_class=&#8221;brdr-b1e&#8221; blox_bgcolor=&#8221;#fbfbfb&#8221;][vc_column 0=&#8221;&#8221;][vc_row_inner 0=&#8221;&#8221;][vc_column_inner width=&#8221;1\/4&#8243;][\/vc_column_inner][vc_column_inner width=&#8221;1\/4&#8243;][\/vc_column_inner][vc_column_inner width=&#8221;1\/4&#8243;][\/vc_column_inner][vc_column_inner width=&#8221;1\/4&#8243;][\/vc_column_inner][\/vc_row_inner][\/vc_column][\/vc_row][vc_row row_type=&#8221;2&#8243; blox_image=&#8221;6440&#8243; blox_dark=&#8221;true&#8221; blox_bgcolor=&#8221;#00c2e5&#8243;][vc_column 0=&#8221;&#8221;][vc_column_text 0=&#8221;&#8221;] Suporte Online 24 Horas por dia \/ 7 Dias por Semana [\/vc_column_text][vc_row_inner 0=&#8221;&#8221;][vc_column_inner width=&#8221;1\/2&#8243;][\/vc_column_inner][vc_column_inner width=&#8221;1\/2&#8243;][\/vc_column_inner][\/vc_row_inner][\/vc_column][\/vc_row][vc_row row_type=&#8221;3&#8243; blox_image=&#8221;9126&#8243; responsive_bg_none=&#8221;respo-bg-none&#8221; blox_bgcolor=&#8221;#f4f2f5&#8243; parallax_speed=&#8221;7&#8243;][vc_column width=&#8221;1\/2&#8243;][vc_column_text 0=&#8221;&#8221;] Fa\u00e7a como o Daniel e registre o seu dom\u00ednio Encontre o dom\u00ednio certo para o seu neg\u00f3cio com uma extens\u00e3o .com ou .com.br entre outras op\u00e7\u00f5es que temos dispon\u00edveis para voc\u00ea. [\/vc_column_text][\/vc_column][vc_column width=&#8221;1\/2&#8243;][\/vc_column][\/vc_row][vc_row row_type=&#8221;2&#8243; blox_dark=&#8221;true&#8221; blox_class=&#8221;border-btm bg-colorskin&#8221; blox_bgcolor=&#8221;#00c2e5&#8243;][vc_column 0=&#8221;&#8221;][vc_row_inner 0=&#8221;&#8221;][vc_column_inner width=&#8221;1\/3&#8243;][\/vc_column_inner][vc_column_inner width=&#8221;1\/3&#8243;][\/vc_column_inner][vc_column_inner width=&#8221;1\/3&#8243;][\/vc_column_inner][\/vc_row_inner][\/vc_column][\/vc_row][vc_row 0=&#8221;&#8221;][vc_column 0=&#8221;&#8221;][vc_row_inner][vc_column_inner][vc_single_image image=&#8221;11282&#8243; img_size=&#8221;full&#8221; style=&#8221;vc_box_shadow_3d&#8221;][\/vc_column_inner][\/vc_row_inner][\/vc_column][\/vc_row][vc_row row_type=&#8221;2&#8243; blox_image=&#8221;6439&#8243; blox_dark=&#8221;true&#8221;][vc_column 0=&#8221;&#8221;][vc_row_inner 0=&#8221;&#8221;][vc_column_inner width=&#8221;1\/4&#8243;][\/vc_column_inner][vc_column_inner width=&#8221;1\/4&#8243;][\/vc_column_inner][vc_column_inner width=&#8221;1\/4&#8243;][\/vc_column_inner][vc_column_inner width=&#8221;1\/4&#8243;][\/vc_column_inner][\/vc_row_inner][\/vc_column][\/vc_row][vc_row 0=&#8221;&#8221;][vc_column width=&#8221;1\/6&#8243; el_class=&#8221;aligncenter&#8221;][\/vc_column][vc_column width=&#8221;2\/3&#8243;][vc_column_text 0=&#8221;&#8221;] Na Hobinson Host voc\u00ea tem a certeza de contratar uma empresa que busca incessantemente angariar novas tecnologias que agreguem a voc\u00ea nosso cliente, os melhores resultados para que o seu neg\u00f3cio cres\u00e7a num mercado t\u00e3o competitivo, como a internet. [\/vc_column_text][\/vc_column][vc_column width=&#8221;1\/6&#8243;][\/vc_column][\/vc_row]<\/p>\n","protected":false},"author":1,"featured_media":0,"parent":0,"menu_order":0,"comment_status":"closed","ping_status":"closed","template":"","meta":[],"_links":{"self":[{"href":"https:\/\/hobinsonhost.com.br\/index.php?rest_route=\/wp\/v2\/pages\/5712"}],"collection":[{"href":"https:\/\/hobinsonhost.com.br\/index.php?rest_route=\/wp\/v2\/pages"}],"about":[{"href":"https:\/\/hobinsonhost.com.br\/index.php?rest_route=\/wp\/v2\/types\/page"}],"author":[{"embeddable":true,"href":"https:\/\/hobinsonhost.com.br\/index.php?rest_route=\/wp\/v2\/users\/1"}],"replies":[{"embeddable":true,"href":"https:\/\/hobinsonhost.com.br\/index.php?rest_route=%2Fwp%2Fv2%2Fcomments&post=5712"}],"version-history":[{"count":65,"href":"https:\/\/hobinsonhost.com.br\/index.php?rest_route=\/wp\/v2\/pages\/5712\/revisions"}],"predecessor-version":[{"id":11671,"href":"https:\/\/hobinsonhost.com.br\/index.php?rest_route=\/wp\/v2\/pages\/5712\/revisions\/11671"}],"wp:attachment":[{"href":"https:\/\/hobinsonhost.com.br\/index.php?rest_route=%2Fwp%2Fv2%2Fmedia&parent=5712"}],"curies":[{"name":"wp","href":"https:\/\/api.w.org\/{rel}","templated":true}]}}