{"id":10915,"date":"2018-02-18T13:26:06","date_gmt":"2018-02-18T16:26:06","guid":{"rendered":"https:\/\/hobinson.com.br\/?page_id=10915"},"modified":"2018-02-18T13:40:28","modified_gmt":"2018-02-18T16:40:28","slug":"mostrar-as-duvidas-mais-comuns","status":"publish","type":"page","link":"https:\/\/hobinsonhost.com.br\/?page_id=10915","title":{"rendered":"Mostrar as D\u00favidas mais Comuns"},"content":{"rendered":"<div id=\"faq-10904\" class=\"arconix-faq-wrap\"><div id=\"faq-OqueoConstrutordesites\" class=\"arconix-faq-title faq-closed\">O que \u00e9 o Construtor de sites?<\/div><div class=\"arconix-faq-content faq-closed\"><p>\u00c9 uma ferramenta que oferecemos em nossos planos de hospedagem para que nossos clientes possam criar seus sites de uma forma simples e r\u00e1pida.<\/p>\n<\/div><\/div>\n<div id=\"faq-10907\" class=\"arconix-faq-wrap\"><div id=\"faq-ComoeuacessooConstrutordesites\" class=\"arconix-faq-title faq-closed\">Como eu acesso o Construtor de sites?<\/div><div class=\"arconix-faq-content faq-closed\"><p>Se voc\u00ea j\u00e1 \u00e9 cliente: Voc\u00ea pode acessar o Construtor de sites em seu\u00a0<strong>cPanel<\/strong>\u00a0(painel de controle da hospedagem) atrav\u00e9s da op\u00e7\u00e3o\u00a0<strong>Site Builder<\/strong>\u00a0ou\u00a0<strong>Construtor de sites<\/strong>.<\/p>\n<p>Caso ainda n\u00e3o seja nosso cliente, voc\u00ea pode conhecer e testar o Criador de sites\u00a0<a href=\"http:\/\/construir.website\/pt-BR\/brand\/1798\/ _blank\" target=\"_blank\" rel=\"nofollow noopener\">clicando aqui<\/a>.<\/p>\n<\/div><\/div>\n<div id=\"faq-10909\" class=\"arconix-faq-wrap\"><div id=\"faq-Halgumcustoparaautilizaodestaferramenta\" class=\"arconix-faq-title faq-closed\">H\u00e1 algum custo para a utiliza\u00e7\u00e3o desta ferramenta?<\/div><div class=\"arconix-faq-content faq-closed\"><p>N\u00e3o. O Construtor de sites est\u00e1 dispon\u00edvel gratuitamente para nossos clientes de\u00a0<a href=\"https:\/\/innovahost.com.br\/hospedagem-de-sites\" target=\"_blank\" rel=\"noopener\">hospedagem de sites<\/a>\u00a0e\u00a0<a href=\"https:\/\/innovahost.com.br\/revenda-de-hospedagem\" target=\"_blank\" rel=\"noopener\">revenda de hospedagem<\/a>.<\/p>\n<\/div><\/div>\n<div id=\"faq-10911\" class=\"arconix-faq-wrap\"><div id=\"faq-possvelcriarsitesresponsivos\" class=\"arconix-faq-title faq-closed\">\u00c9 poss\u00edvel criar sites responsivos?<\/div><div class=\"arconix-faq-content faq-closed\"><p>Sim, o Construtor de sites permite criar sites responsivos. \u00c9 s\u00f3 voc\u00ea habilitar os modos &#8220;Amplo&#8221;, &#8220;Tablet&#8221; e &#8220;Celular&#8221; no menu superior do Construtor de sites.<\/p>\n<\/div><\/div>\n<div id=\"faq-10913\" class=\"arconix-faq-wrap\"><div id=\"faq-PossocriarumalojavirtualusandooConstrutordesites\" class=\"arconix-faq-title faq-closed\">Posso criar uma loja virtual usando o Construtor de sites?<\/div><div class=\"arconix-faq-content faq-closed\"><p>Embora o Construtor de sites ofere\u00e7a alguns recursos que podem ser utilizados para a cria\u00e7\u00e3o de uma loja virtual, o ideal \u00e9 que voc\u00ea use um sistema pr\u00f3prio para lojas virtuais como o\u00a0<strong>Opencart<\/strong>. \u00c9 poss\u00edvel instalar este sistema de loja virtual e outros em sua hospedagem de forma facilitada atrav\u00e9s de nosso instalador autom\u00e1tico.<\/p>\n<\/div><\/div>\n","protected":false},"excerpt":{"rendered":"Embora o Construtor de sites ofere\u00e7a alguns recursos que podem ser utilizados para a cria\u00e7\u00e3o de uma loja virtual, o ideal \u00e9 que voc\u00ea use um sistema pr\u00f3prio para lojas virtuais como o\u00a0Opencart. \u00c9 poss\u00edvel instalar este sistema de loja virtual e outros em sua hospedagem de forma facilitada atrav\u00e9s de nosso instalador autom\u00e1tico.","protected":false},"author":1,"featured_media":0,"parent":0,"menu_order":0,"comment_status":"closed","ping_status":"closed","template":"","meta":[],"_links":{"self":[{"href":"https:\/\/hobinsonhost.com.br\/index.php?rest_route=\/wp\/v2\/pages\/10915"}],"collection":[{"href":"https:\/\/hobinsonhost.com.br\/index.php?rest_route=\/wp\/v2\/pages"}],"about":[{"href":"https:\/\/hobinsonhost.com.br\/index.php?rest_route=\/wp\/v2\/types\/page"}],"author":[{"embeddable":true,"href":"https:\/\/hobinsonhost.com.br\/index.php?rest_route=\/wp\/v2\/users\/1"}],"replies":[{"embeddable":true,"href":"https:\/\/hobinsonhost.com.br\/index.php?rest_route=%2Fwp%2Fv2%2Fcomments&post=10915"}],"version-history":[{"count":9,"href":"https:\/\/hobinsonhost.com.br\/index.php?rest_route=\/wp\/v2\/pages\/10915\/revisions"}],"predecessor-version":[{"id":10926,"href":"https:\/\/hobinsonhost.com.br\/index.php?rest_route=\/wp\/v2\/pages\/10915\/revisions\/10926"}],"wp:attachment":[{"href":"https:\/\/hobinsonhost.com.br\/index.php?rest_route=%2Fwp%2Fv2%2Fmedia&parent=10915"}],"curies":[{"name":"wp","href":"https:\/\/api.w.org\/{rel}","templated":true}]}}